{"id":20,"date":"2017-12-06T17:52:49","date_gmt":"2017-12-06T17:52:49","guid":{"rendered":"http:\/\/bckszczuczyn.pl\/?page_id=20"},"modified":"2018-08-07T14:04:58","modified_gmt":"2018-08-07T14:04:58","slug":"kontakt","status":"publish","type":"page","link":"https:\/\/bckszczuczyn.pl\/?page_id=20","title":{"rendered":"Kontakt"},"content":{"rendered":"<div style=\"text-align: center;\"><strong>Biblioteka Centrum Kultury w Szczuczynie<\/strong><\/div>\n<div style=\"text-align: center;\"><strong>\u00a0<\/strong><\/div>\n<div style=\"text-align: center;\">\n<p>&nbsp;<\/p>\n<p>&nbsp;<\/p>\n<\/div>\n<table class=\" htmtableborders\" style=\"width: 100%; border-collapse: collapse; text-align: center; display: table; border: #000000 0px dotted;\" cellpadding=\"0\">\n<tbody>\n<tr>\n<td style=\"width: 50%; background-image: none; text-align: left; border: 0px;\">Biblioteka Centrum Kultury w Szczuczynie<br \/>\nul. \u0141om\u017cy\u0144ska 11<br \/>\n19 \u2013 230 Szczuczyn<br \/>\ntel. (86) 262 10 36, (86) 262 10 37<br \/>\ne-mail: <a href=\"mailto:bmszczuczyn@wp.pl\">bckszczuczyn@wp.pl<\/a><\/td>\n<td style=\"width: 50%; background-image: none; text-align: left; border: 0px;\">Filia Biblioteczna w Nie\u0107kowie<br \/>\nNie\u0107kowo<br \/>\n19 \u2013 230 Szczuczyn<br \/>\ntel. (86)\u00a0 262 10 38<br \/>\ne-mail: <a href=\"mailto:bmszczuczyn@wp.pl\">bckszczuczyn@wp.pl<\/a><\/td>\n<\/tr>\n<\/tbody>\n<\/table>\n<table class=\" htmtableborders\" style=\"width: 100%; border-collapse: collapse; display: table; border: #000000 0px dotted;\" cellpadding=\"0\">\n<tbody>\n<tr>\n<td style=\"width: 50%; vertical-align: top; background-image: none; text-align: left; border: 0px;\">&nbsp;<\/p>\n<p>godziny otwarcia:<\/p>\n<p>&nbsp;<\/p>\n<table style=\"height: 180px;\" width=\"274\">\n<tbody>\n<tr>\n<td>poniedzia\u0142ek<\/td>\n<td>10.00 \u2013 17.00<\/td>\n<\/tr>\n<tr>\n<td>wtorek<\/td>\n<td>10.00 \u2013 17.00<\/td>\n<\/tr>\n<tr>\n<td>\u015broda<\/td>\n<td>10.00 \u2013 17.00<\/td>\n<\/tr>\n<tr>\n<td>czwartek<\/td>\n<td>10.00 \u2013 17.00<\/td>\n<\/tr>\n<tr>\n<td>pi\u0105tek<\/td>\n<td>10.00 \u2013 17.00<\/td>\n<\/tr>\n<tr>\n<td>sobota<\/td>\n<td>10.00 \u2013 15.00<\/td>\n<\/tr>\n<\/tbody>\n<\/table>\n<\/td>\n<td style=\"width: 50%; vertical-align: top; background-image: none; text-align: left; border: 0px;\">&nbsp;<\/p>\n<p>godziny otwarcia:<\/p>\n<p>&nbsp;<\/p>\n<table style=\"height: 122px;\" width=\"267\">\n<tbody>\n<tr>\n<td>poniedzia\u0142ek<\/td>\n<td>12.00 \u2013 17.00<\/td>\n<\/tr>\n<tr>\n<td>wtorek<\/td>\n<td>12.00 \u2013 17.00<\/td>\n<\/tr>\n<tr>\n<td>\u015broda<\/td>\n<td>12.00 \u2013 17.00<\/td>\n<\/tr>\n<tr>\n<td>czwartek<\/td>\n<td>12.00 \u2013 17.00<\/td>\n<\/tr>\n<\/tbody>\n<\/table>\n<\/td>\n<\/tr>\n<\/tbody>\n<\/table>\n<p style=\"text-align: center;\"><span style=\"color: #000000;\"><strong>Inspektor Danych Osobowych BCK:<br \/>\n<\/strong> <\/span>Anna Akus &#8211; Szklarzewska<br \/>\nanna.akus-szklarzewska@wp.pl<\/p>\n","protected":false},"excerpt":{"rendered":"<p>Biblioteka Centrum Kultury w Szczuczynie \u00a0 &nbsp; &nbsp; Biblioteka Centrum Kultury w Szczuczynie ul. \u0141om\u017cy\u0144ska 11 19 \u2013 230 Szczuczyn tel. (86) 262 10 36, (86) 262 10 37 e-mail: bckszczuczyn@wp.pl Filia Biblioteczna w Nie\u0107kowie Nie\u0107kowo 19 \u2013 230 Szczuczyn tel. (86)\u00a0 262 10 38&nbsp;<a class=\"read-more\" href=\"https:\/\/bckszczuczyn.pl\/?page_id=20\">&hellip;<\/a><\/p>\n","protected":false},"author":1,"featured_media":0,"parent":0,"menu_order":0,"comment_status":"closed","ping_status":"closed","template":"","meta":{"footnotes":""},"class_list":["post-20","page","type-page","status-publish","hentry"],"_links":{"self":[{"href":"https:\/\/bckszczuczyn.pl\/index.php?rest_route=\/wp\/v2\/pages\/20","targetHints":{"allow":["GET"]}}],"collection":[{"href":"https:\/\/bckszczuczyn.pl\/index.php?rest_route=\/wp\/v2\/pages"}],"about":[{"href":"https:\/\/bckszczuczyn.pl\/index.php?rest_route=\/wp\/v2\/types\/page"}],"author":[{"embeddable":true,"href":"https:\/\/bckszczuczyn.pl\/index.php?rest_route=\/wp\/v2\/users\/1"}],"replies":[{"embeddable":true,"href":"https:\/\/bckszczuczyn.pl\/index.php?rest_route=%2Fwp%2Fv2%2Fcomments&post=20"}],"version-history":[{"count":18,"href":"https:\/\/bckszczuczyn.pl\/index.php?rest_route=\/wp\/v2\/pages\/20\/revisions"}],"predecessor-version":[{"id":5056,"href":"https:\/\/bckszczuczyn.pl\/index.php?rest_route=\/wp\/v2\/pages\/20\/revisions\/5056"}],"wp:attachment":[{"href":"https:\/\/bckszczuczyn.pl\/index.php?rest_route=%2Fwp%2Fv2%2Fmedia&parent=20"}],"curies":[{"name":"wp","href":"https:\/\/api.w.org\/{rel}","templated":true}]}}